{"id":50,"date":"2015-03-09T11:54:14","date_gmt":"2015-03-09T10:54:14","guid":{"rendered":"http:\/\/wir-machen-ihre-werbung.com\/wordpress\/?page_id=50"},"modified":"2015-03-09T16:50:53","modified_gmt":"2015-03-09T15:50:53","slug":"preisrechner","status":"publish","type":"page","link":"http:\/\/stoltewerbung.de\/?page_id=50","title":{"rendered":"Preisrechner"},"content":{"rendered":"<p style=\"text-align: left;\">Wir fertigen Ihre Wunschaufkleber auch in Kleinserien, digital mit l\u00f6semittelhaltiger, lichtechter Farbe 4-farbig bedruckt, mit einer hochwertigen UV-Schutzfolie kaschiert und in beliebiger Form geschnitten.<\/p>\n<p>(Wir verwenden keinen billigen Schutzlack wie andere Anbieter!)<\/p>\n<p>Bei Interesse machen wir Ihnen gern ein konkretes Angebot.<\/p>\n<p>Hier k\u00f6nnen Sie sich aber auch den Preis berechnen lassen:<\/p>\n<form name=\"rechner\">\n<script type=\"text\/javascript\">\n<!--\nfunction fnCalc() {\n\t\tvar x = document.forms.rechner.sx.value * 1;\n\t\t\t\t\t\t\tvar y = document.forms.rechner.sy.value * 1;\n\t\t\t\t\t\t\tvar qm = (x + 2) * (y + 2) * document.forms.rechner.st.value \/ 1000000;\n\t\t\t\t\t\t\tif (qm < 0.3) {\n\t\t\t\t\t\t\t\talert(\"Bei der gew\u00fcnschten Gr\u00f6\u00dfe m\u00fcssen wir eine h\u00f6here Mindestmenge vorgeben.\");\n\t\t\t\t\t\t\t\tvar b = 300000 \/ x \/ y;\n\t\t\t\t\t\t\t\tdocument.forms.rechner.st.value = (Math.floor(b \/ 50) + 1) * 50;\n\t\t\t\t\t\t\t\tqm = (x + 2) * (y + 2) * document.forms.rechner.st.value \/ 1000000;\n\t\t\t\t\t\t\t}\nif (qm > 25) {\nalert(\"Der Online-Preisrechner ist f\u00fcr diese Werte nicht aussagekr\u00e4ftig. Bei gr\u00f6\u00dferen Anfragen machen wir Ihnen gern ein unverbindliches Angebot.\");\n}\nvar folie = document.forms.rechner.folie.options[document.forms.rechner.folie.selectedIndex].value * 1;\nvar a = (qm * (26 + folie)) + 10;\nvar b = 5 - qm;\nif (b<0) {\n b = 0;\n}\nb = 1 + b \/ 10;\na *= b;\na = Math.floor(a * 1.30 * 100);\ndocument.forms.rechner.betrag.value = a \/ 100;\nreturn;\n}\n -->\n<\/script><\/p>\n<table cellpadding=\"0\" cellspacing=\"0\" border=\"0\" align=\"left\">\n<tr>\n<td width=\"25px\">St\u00fcck:<\/td>\n<td><input type=\"text\" size=\"5\" name=\"st\" value=\"100\"><\/td>\n<\/tr>\n<tr>\n<td>Gr\u00f6\u00dfe:<\/td>\n<td><input type=\"text\" size=\"5\" name=\"sx\"> x <input type=\"text\" size=\"5\" name=\"sy\"> mm (!)<\/td>\n<\/tr>\n<tr>\n<td>Folie:<\/td>\n<td>\n        <select name=\"folie\" onChange=\"javascript:fnCalc();\"><option value=\"0\">3-Jahre, wei&szlig;<option value=\"5\">5-Jahre, wei&szlig;<option value=\"10\">3-Jahre, metallic<br \/>\n\t<\/select>\n   <\/td>\n<\/tr>\n<tr>\n<td>Komplettpreis:<\/td>\n<td>\n         <input type=\"text\" size=\"8\" readonly name=\"betrag\"> EUR<br \/>\n\t <input type=\"button\" value=\"Berechnen\" onClick=\"javascript:fnCalc();return false;\">\n     <\/td>\n<\/tr>\n<\/table>\n<\/form>\n<p>Alle Preise zzgl. Mehrwertsteuer und 6,90 EUR Versand.<br \/>\nDie Aufkleber werden in der Regel auf Rolle\/Bogen geliefert.<br \/>\nGegen geringen Aufpreis k\u00f6nnen wir sie auch einzeln liefern.<br \/>\nDie Vorlage:<\/p>\n<ul>\n<li>idealerweise als echte Vektorgrafik (EPS, CDR, AI, PDF)<\/li>\n<li>Pixelgrafiken mit 300dpi, gern auch 600dpi, technisch sind maximal 1440dpi m\u00f6glich (JPG, TIF)<\/li>\n<li>in Originalgr\u00f6\u00dfe angelegt ohne Beschnitt, CMYK<\/li>\n<li>wichtig: Schriften vorm Speichern zu Kurven wandeln!<\/li>\n<\/ul>\n","protected":false},"excerpt":{"rendered":"<p>Wir fertigen Ihre Wunschaufkleber auch in Kleinserien, digital mit l\u00f6semittelhaltiger, lichtechter Farbe 4-farbig bedruckt, mit einer hochwertigen UV-Schutzfolie kaschiert und in beliebiger Form geschnitten. (Wir verwenden keinen billigen Schutzlack wie andere Anbieter!) Bei Interesse machen wir Ihnen gern ein konkretes &hellip; <a href=\"http:\/\/stoltewerbung.de\/?page_id=50\">Weiterlesen <span class=\"meta-nav\">&rarr;<\/span><\/a><\/p>\n","protected":false},"author":1,"featured_media":0,"parent":0,"menu_order":0,"comment_status":"closed","ping_status":"closed","template":"","meta":[],"_links":{"self":[{"href":"http:\/\/stoltewerbung.de\/index.php?rest_route=\/wp\/v2\/pages\/50"}],"collection":[{"href":"http:\/\/stoltewerbung.de\/index.php?rest_route=\/wp\/v2\/pages"}],"about":[{"href":"http:\/\/stoltewerbung.de\/index.php?rest_route=\/wp\/v2\/types\/page"}],"author":[{"embeddable":true,"href":"http:\/\/stoltewerbung.de\/index.php?rest_route=\/wp\/v2\/users\/1"}],"replies":[{"embeddable":true,"href":"http:\/\/stoltewerbung.de\/index.php?rest_route=%2Fwp%2Fv2%2Fcomments&post=50"}],"version-history":[{"count":64,"href":"http:\/\/stoltewerbung.de\/index.php?rest_route=\/wp\/v2\/pages\/50\/revisions"}],"predecessor-version":[{"id":260,"href":"http:\/\/stoltewerbung.de\/index.php?rest_route=\/wp\/v2\/pages\/50\/revisions\/260"}],"wp:attachment":[{"href":"http:\/\/stoltewerbung.de\/index.php?rest_route=%2Fwp%2Fv2%2Fmedia&parent=50"}],"curies":[{"name":"wp","href":"https:\/\/api.w.org\/{rel}","templated":true}]}}